{"id":313,"date":"2022-04-18T17:58:32","date_gmt":"2022-04-18T15:58:32","guid":{"rendered":"https:\/\/agoskzaleska.art\/?page_id=313"},"modified":"2026-01-27T19:30:45","modified_gmt":"2026-01-27T18:30:45","slug":"accueil","status":"publish","type":"page","link":"https:\/\/agoskzaleska.art\/en\/","title":{"rendered":"A. Gosk-Zaleska"},"content":{"rendered":"<pre class=\"wp-block-code\"><code>&lt;script type=\"text\/javascript\">\nvar _iub = _iub || &#91;];\n_iub.csConfiguration = {\"askConsentAtCookiePolicyUpdate\":true,\"enableFadp\":true,\"enableLgpd\":true,\"enableUspr\":true,\"fadpApplies\":true,\"floatingPreferencesButtonDisplay\":\"bottom-right\",\"lang\":\"fr\",\"perPurposeConsent\":true,\"siteId\":3532289,\"usprApplies\":true,\"whitelabel\":false,\"cookiePolicyId\":42828821, \"banner\":{ \"acceptButtonCaptionColor\":\"#FFFFFF\",\"acceptButtonColor\":\"#0073CE\",\"acceptButtonDisplay\":true,\"backgroundColor\":\"#FFFFFF\",\"backgroundOverlay\":true,\"closeButtonDisplay\":false,\"customizeButtonCaptionColor\":\"#4D4D4D\",\"customizeButtonColor\":\"#DADADA\",\"customizeButtonDisplay\":true,\"explicitWithdrawal\":true,\"listPurposes\":true,\"position\":\"float-center\",\"rejectButtonCaptionColor\":\"#FFFFFF\",\"rejectButtonColor\":\"#0073CE\",\"rejectButtonDisplay\":true,\"showTitle\":false,\"textColor\":\"#000000\" }};\n&lt;\/script>\n&lt;script type=\"text\/javascript\" src=\"https:\/\/cs.iubenda.com\/autoblocking\/3532289.js\">&lt;\/script>\n&lt;script type=\"text\/javascript\" src=\"\/\/cdn.iubenda.com\/cs\/gpp\/stub.js\">&lt;\/script>\n&lt;script type=\"text\/javascript\" src=\"\/\/cdn.iubenda.com\/cs\/iubenda_cs.js\" charset=\"UTF-8\" async>&lt;\/script><\/code><\/pre>\n\n\n\n<p><\/p>","protected":false},"excerpt":{"rendered":"<p>Bienvenue sur le site d\u00e9di\u00e9 \u00e0 la cr\u00e9ation artistique d&rsquo;Agnieszka Gosk-Zaleska, artiste peintre autrice. <\/p>","protected":false},"author":2,"featured_media":194,"parent":0,"menu_order":0,"comment_status":"closed","ping_status":"closed","template":"","meta":{"footnotes":""},"class_list":["post-313","page","type-page","status-publish","has-post-thumbnail","hentry"],"yoast_head":"<!-- This site is optimized with the Yoast SEO plugin v27.6 - https:\/\/yoast.com\/product\/yoast-seo-wordpress\/ -->\n<title>A. Gosk-Zaleska - artiste-peintre<\/title>\n<meta name=\"description\" content=\"Agnieszka Gosk-Zaleska explore dans son art les th\u00e8mes de l\u2019espace, de l\u2019identit\u00e9, de la philosophie. Elle peint des portraits et des paysages imaginaires.\u00a0\" \/>\n<meta name=\"robots\" content=\"index, follow, max-snippet:-1, max-image-preview:large, max-video-preview:-1\" \/>\n<link rel=\"canonical\" href=\"https:\/\/agoskzaleska.art\/en\/\" \/>\n<meta property=\"og:locale\" content=\"en_GB\" \/>\n<meta property=\"og:type\" content=\"article\" \/>\n<meta property=\"og:title\" content=\"A Gosk-Zaleska\" \/>\n<meta property=\"og:description\" content=\"Artiste peintre contemporaine, elle empreinte ses \u0153uvres de la po\u00e9sie du quotidien et de la nature, pour partager sa vision du monde.\" \/>\n<meta property=\"og:url\" content=\"https:\/\/agoskzaleska.art\/en\/\" \/>\n<meta property=\"og:site_name\" content=\"A. Gosk-Zaleska\" \/>\n<meta property=\"article:modified_time\" content=\"2026-01-27T18:30:45+00:00\" \/>\n<meta property=\"og:image\" content=\"https:\/\/agoskzaleska.art\/wp-content\/uploads\/2022\/04\/P1024952AGNIESZKA_PORTRAIT-CRAYON-3-scaled.jpeg\" \/>\n\t<meta property=\"og:image:width\" content=\"1998\" \/>\n\t<meta property=\"og:image:height\" content=\"2560\" \/>\n\t<meta property=\"og:image:type\" content=\"image\/jpeg\" \/>\n<meta name=\"twitter:card\" content=\"summary_large_image\" \/>\n<meta name=\"twitter:label1\" content=\"Estimated reading time\" \/>\n\t<meta name=\"twitter:data1\" content=\"1 minute\" \/>\n<script type=\"application\/ld+json\" class=\"yoast-schema-graph\">{\"@context\":\"https:\\\/\\\/schema.org\",\"@graph\":[{\"@type\":\"WebPage\",\"@id\":\"https:\\\/\\\/agoskzaleska.art\\\/\",\"url\":\"https:\\\/\\\/agoskzaleska.art\\\/\",\"name\":\"A. Gosk-Zaleska - artiste-peintre\",\"isPartOf\":{\"@id\":\"https:\\\/\\\/agoskzaleska.art\\\/#website\"},\"primaryImageOfPage\":{\"@id\":\"https:\\\/\\\/agoskzaleska.art\\\/#primaryimage\"},\"image\":{\"@id\":\"https:\\\/\\\/agoskzaleska.art\\\/#primaryimage\"},\"thumbnailUrl\":\"https:\\\/\\\/agoskzaleska.art\\\/wp-content\\\/uploads\\\/2022\\\/04\\\/P1024952AGNIESZKA_PORTRAIT-CRAYON-3-scaled.jpeg\",\"datePublished\":\"2022-04-18T15:58:32+00:00\",\"dateModified\":\"2026-01-27T18:30:45+00:00\",\"description\":\"Agnieszka Gosk-Zaleska explore dans son art les th\u00e8mes de l\u2019espace, de l\u2019identit\u00e9, de la philosophie. Elle peint des portraits et des paysages imaginaires.\u00a0\",\"breadcrumb\":{\"@id\":\"https:\\\/\\\/agoskzaleska.art\\\/#breadcrumb\"},\"inLanguage\":\"en-GB\",\"potentialAction\":[{\"@type\":\"ReadAction\",\"target\":[\"https:\\\/\\\/agoskzaleska.art\\\/\"]}]},{\"@type\":\"ImageObject\",\"inLanguage\":\"en-GB\",\"@id\":\"https:\\\/\\\/agoskzaleska.art\\\/#primaryimage\",\"url\":\"https:\\\/\\\/agoskzaleska.art\\\/wp-content\\\/uploads\\\/2022\\\/04\\\/P1024952AGNIESZKA_PORTRAIT-CRAYON-3-scaled.jpeg\",\"contentUrl\":\"https:\\\/\\\/agoskzaleska.art\\\/wp-content\\\/uploads\\\/2022\\\/04\\\/P1024952AGNIESZKA_PORTRAIT-CRAYON-3-scaled.jpeg\",\"width\":1998,\"height\":2560,\"caption\":\"A. Gosk-Zaleska artiste peintre autrice\"},{\"@type\":\"BreadcrumbList\",\"@id\":\"https:\\\/\\\/agoskzaleska.art\\\/#breadcrumb\",\"itemListElement\":[{\"@type\":\"ListItem\",\"position\":1,\"name\":\"Accueil\",\"item\":\"https:\\\/\\\/agoskzaleska.art\\\/\"},{\"@type\":\"ListItem\",\"position\":2,\"name\":\"A. Gosk-Zaleska\"}]},{\"@type\":\"WebSite\",\"@id\":\"https:\\\/\\\/agoskzaleska.art\\\/#website\",\"url\":\"https:\\\/\\\/agoskzaleska.art\\\/\",\"name\":\"A. Gosk-Zaleska\",\"description\":\"Artiste peintre\",\"publisher\":{\"@id\":\"https:\\\/\\\/agoskzaleska.art\\\/#\\\/schema\\\/person\\\/fd0f4c7cf221cbb9947d3ca7110248e8\"},\"potentialAction\":[{\"@type\":\"SearchAction\",\"target\":{\"@type\":\"EntryPoint\",\"urlTemplate\":\"https:\\\/\\\/agoskzaleska.art\\\/?s={search_term_string}\"},\"query-input\":{\"@type\":\"PropertyValueSpecification\",\"valueRequired\":true,\"valueName\":\"search_term_string\"}}],\"inLanguage\":\"en-GB\"},{\"@type\":[\"Person\",\"Organization\"],\"@id\":\"https:\\\/\\\/agoskzaleska.art\\\/#\\\/schema\\\/person\\\/fd0f4c7cf221cbb9947d3ca7110248e8\",\"name\":\"A. Gosk-Zaleska\",\"image\":{\"@type\":\"ImageObject\",\"inLanguage\":\"en-GB\",\"@id\":\"https:\\\/\\\/agoskzaleska.art\\\/wp-content\\\/uploads\\\/2022\\\/04\\\/P1024952AGNIESZKA_PORTRAIT-CRAYON-3-scaled.jpeg\",\"url\":\"https:\\\/\\\/agoskzaleska.art\\\/wp-content\\\/uploads\\\/2022\\\/04\\\/P1024952AGNIESZKA_PORTRAIT-CRAYON-3-scaled.jpeg\",\"contentUrl\":\"https:\\\/\\\/agoskzaleska.art\\\/wp-content\\\/uploads\\\/2022\\\/04\\\/P1024952AGNIESZKA_PORTRAIT-CRAYON-3-scaled.jpeg\",\"width\":1998,\"height\":2560,\"caption\":\"A. Gosk-Zaleska\"},\"logo\":{\"@id\":\"https:\\\/\\\/agoskzaleska.art\\\/wp-content\\\/uploads\\\/2022\\\/04\\\/P1024952AGNIESZKA_PORTRAIT-CRAYON-3-scaled.jpeg\"},\"sameAs\":[\"https:\\\/\\\/agoskzaleska.art\",\"https:\\\/\\\/www.instagram.com\\\/agoskzaleska\\\/\"]}]}<\/script>\n<!-- \/ Yoast SEO plugin. -->","yoast_head_json":{"title":"A. Gosk-Zaleska - artiste-peintre","description":"Agnieszka Gosk-Zaleska explore dans son art les th\u00e8mes de l\u2019espace, de l\u2019identit\u00e9, de la philosophie. Elle peint des portraits et des paysages imaginaires.\u00a0","robots":{"index":"index","follow":"follow","max-snippet":"max-snippet:-1","max-image-preview":"max-image-preview:large","max-video-preview":"max-video-preview:-1"},"canonical":"https:\/\/agoskzaleska.art\/en\/","og_locale":"en_GB","og_type":"article","og_title":"A Gosk-Zaleska","og_description":"Artiste peintre contemporaine, elle empreinte ses \u0153uvres de la po\u00e9sie du quotidien et de la nature, pour partager sa vision du monde.","og_url":"https:\/\/agoskzaleska.art\/en\/","og_site_name":"A. Gosk-Zaleska","article_modified_time":"2026-01-27T18:30:45+00:00","og_image":[{"width":1998,"height":2560,"url":"https:\/\/agoskzaleska.art\/wp-content\/uploads\/2022\/04\/P1024952AGNIESZKA_PORTRAIT-CRAYON-3-scaled.jpeg","type":"image\/jpeg"}],"twitter_card":"summary_large_image","twitter_misc":{"Estimated reading time":"1 minute"},"schema":{"@context":"https:\/\/schema.org","@graph":[{"@type":"WebPage","@id":"https:\/\/agoskzaleska.art\/","url":"https:\/\/agoskzaleska.art\/","name":"A. Gosk-Zaleska - artiste-peintre","isPartOf":{"@id":"https:\/\/agoskzaleska.art\/#website"},"primaryImageOfPage":{"@id":"https:\/\/agoskzaleska.art\/#primaryimage"},"image":{"@id":"https:\/\/agoskzaleska.art\/#primaryimage"},"thumbnailUrl":"https:\/\/agoskzaleska.art\/wp-content\/uploads\/2022\/04\/P1024952AGNIESZKA_PORTRAIT-CRAYON-3-scaled.jpeg","datePublished":"2022-04-18T15:58:32+00:00","dateModified":"2026-01-27T18:30:45+00:00","description":"Agnieszka Gosk-Zaleska explore dans son art les th\u00e8mes de l\u2019espace, de l\u2019identit\u00e9, de la philosophie. Elle peint des portraits et des paysages imaginaires.\u00a0","breadcrumb":{"@id":"https:\/\/agoskzaleska.art\/#breadcrumb"},"inLanguage":"en-GB","potentialAction":[{"@type":"ReadAction","target":["https:\/\/agoskzaleska.art\/"]}]},{"@type":"ImageObject","inLanguage":"en-GB","@id":"https:\/\/agoskzaleska.art\/#primaryimage","url":"https:\/\/agoskzaleska.art\/wp-content\/uploads\/2022\/04\/P1024952AGNIESZKA_PORTRAIT-CRAYON-3-scaled.jpeg","contentUrl":"https:\/\/agoskzaleska.art\/wp-content\/uploads\/2022\/04\/P1024952AGNIESZKA_PORTRAIT-CRAYON-3-scaled.jpeg","width":1998,"height":2560,"caption":"A. Gosk-Zaleska artiste peintre autrice"},{"@type":"BreadcrumbList","@id":"https:\/\/agoskzaleska.art\/#breadcrumb","itemListElement":[{"@type":"ListItem","position":1,"name":"Accueil","item":"https:\/\/agoskzaleska.art\/"},{"@type":"ListItem","position":2,"name":"A. Gosk-Zaleska"}]},{"@type":"WebSite","@id":"https:\/\/agoskzaleska.art\/#website","url":"https:\/\/agoskzaleska.art\/","name":"A. Gosk-Zaleska","description":"Artiste peintre","publisher":{"@id":"https:\/\/agoskzaleska.art\/#\/schema\/person\/fd0f4c7cf221cbb9947d3ca7110248e8"},"potentialAction":[{"@type":"SearchAction","target":{"@type":"EntryPoint","urlTemplate":"https:\/\/agoskzaleska.art\/?s={search_term_string}"},"query-input":{"@type":"PropertyValueSpecification","valueRequired":true,"valueName":"search_term_string"}}],"inLanguage":"en-GB"},{"@type":["Person","Organization"],"@id":"https:\/\/agoskzaleska.art\/#\/schema\/person\/fd0f4c7cf221cbb9947d3ca7110248e8","name":"A. Gosk-Zaleska","image":{"@type":"ImageObject","inLanguage":"en-GB","@id":"https:\/\/agoskzaleska.art\/wp-content\/uploads\/2022\/04\/P1024952AGNIESZKA_PORTRAIT-CRAYON-3-scaled.jpeg","url":"https:\/\/agoskzaleska.art\/wp-content\/uploads\/2022\/04\/P1024952AGNIESZKA_PORTRAIT-CRAYON-3-scaled.jpeg","contentUrl":"https:\/\/agoskzaleska.art\/wp-content\/uploads\/2022\/04\/P1024952AGNIESZKA_PORTRAIT-CRAYON-3-scaled.jpeg","width":1998,"height":2560,"caption":"A. Gosk-Zaleska"},"logo":{"@id":"https:\/\/agoskzaleska.art\/wp-content\/uploads\/2022\/04\/P1024952AGNIESZKA_PORTRAIT-CRAYON-3-scaled.jpeg"},"sameAs":["https:\/\/agoskzaleska.art","https:\/\/www.instagram.com\/agoskzaleska\/"]}]}},"jetpack_sharing_enabled":true,"_links":{"self":[{"href":"https:\/\/agoskzaleska.art\/en\/wp-json\/wp\/v2\/pages\/313","targetHints":{"allow":["GET"]}}],"collection":[{"href":"https:\/\/agoskzaleska.art\/en\/wp-json\/wp\/v2\/pages"}],"about":[{"href":"https:\/\/agoskzaleska.art\/en\/wp-json\/wp\/v2\/types\/page"}],"author":[{"embeddable":true,"href":"https:\/\/agoskzaleska.art\/en\/wp-json\/wp\/v2\/users\/2"}],"replies":[{"embeddable":true,"href":"https:\/\/agoskzaleska.art\/en\/wp-json\/wp\/v2\/comments?post=313"}],"version-history":[{"count":18,"href":"https:\/\/agoskzaleska.art\/en\/wp-json\/wp\/v2\/pages\/313\/revisions"}],"predecessor-version":[{"id":4000,"href":"https:\/\/agoskzaleska.art\/en\/wp-json\/wp\/v2\/pages\/313\/revisions\/4000"}],"wp:featuredmedia":[{"embeddable":true,"href":"https:\/\/agoskzaleska.art\/en\/wp-json\/wp\/v2\/media\/194"}],"wp:attachment":[{"href":"https:\/\/agoskzaleska.art\/en\/wp-json\/wp\/v2\/media?parent=313"}],"curies":[{"name":"wp","href":"https:\/\/api.w.org\/{rel}","templated":true}]}}