{"id":255,"date":"2022-04-18T16:06:51","date_gmt":"2022-04-18T14:06:51","guid":{"rendered":"https:\/\/agoskzaleska.art\/?page_id=255"},"modified":"2022-09-20T21:42:57","modified_gmt":"2022-09-20T19:42:57","slug":"contact","status":"publish","type":"page","link":"https:\/\/agoskzaleska.art\/en\/contact\/","title":{"rendered":"Contact"},"content":{"rendered":"<div class=\"wp-block-group\"><div class=\"wp-block-group__inner-container is-layout-flow wp-block-group-is-layout-flow\">\n<div class=\"wp-block-columns alignfull is-layout-flex wp-container-core-columns-is-layout-9d6595d7 wp-block-columns-is-layout-flex\">\n<div class=\"wp-block-column is-vertically-aligned-top is-layout-flow wp-block-column-is-layout-flow\" style=\"flex-basis:100%\">\n<p class=\"has-text-align-center\">For more information about <a href=\"https:\/\/agoskzaleska.art\/en\/artiste-peintre\/?preview=true&amp;_thumbnail_id=352\" target=\"_blank\" rel=\"noreferrer noopener\">Agnieszka Gosk-Zaleska<\/a> artwork,  please contact the artist via the following form:<\/p>\n\n\n\n<div class=\"wp-block-columns is-layout-flex wp-container-core-columns-is-layout-9d6595d7 wp-block-columns-is-layout-flex\">\n<div class=\"wp-block-column is-vertically-aligned-center is-layout-flow wp-block-column-is-layout-flow\"><\/div>\n\n\n\n<div class=\"wp-block-column is-layout-flow wp-block-column-is-layout-flow\">\n<div class=\"wpcf7 no-js\" id=\"wpcf7-f6-o1\" lang=\"fr-FR\" dir=\"ltr\" data-wpcf7-id=\"6\">\n<div class=\"screen-reader-response\"><p role=\"status\" aria-live=\"polite\" aria-atomic=\"true\"><\/p> <ul><\/ul><\/div>\n<form action=\"\/en\/wp-json\/wp\/v2\/pages\/255#wpcf7-f6-o1\" method=\"post\" class=\"wpcf7-form init\" aria-label=\"Formulaire de contact\" novalidate=\"novalidate\" data-status=\"init\" data-trp-original-action=\"\/en\/wp-json\/wp\/v2\/pages\/255#wpcf7-f6-o1\">\n<fieldset class=\"hidden-fields-container\"><input type=\"hidden\" name=\"_wpcf7\" value=\"6\" \/><input type=\"hidden\" name=\"_wpcf7_version\" value=\"6.1.5\" \/><input type=\"hidden\" name=\"_wpcf7_locale\" value=\"fr_FR\" \/><input type=\"hidden\" name=\"_wpcf7_unit_tag\" value=\"wpcf7-f6-o1\" \/><input type=\"hidden\" name=\"_wpcf7_container_post\" value=\"0\" \/><input type=\"hidden\" name=\"_wpcf7_posted_data_hash\" value=\"\" \/><input type=\"hidden\" name=\"_wpcf7_recaptcha_response\" value=\"\" \/>\n<\/fieldset>\n<p><label> Your name<br \/>\n<span class=\"wpcf7-form-control-wrap\" data-name=\"your-name\"><input size=\"40\" maxlength=\"400\" class=\"wpcf7-form-control wpcf7-text wpcf7-validates-as-required\" aria-required=\"true\" aria-invalid=\"false\" value=\"\" type=\"text\" name=\"your-name\" \/><\/span> <\/label>\n<\/p>\n<p><label> Your e-mail<br \/>\n<span class=\"wpcf7-form-control-wrap\" data-name=\"your-email\"><input size=\"40\" maxlength=\"400\" class=\"wpcf7-form-control wpcf7-email wpcf7-validates-as-required wpcf7-text wpcf7-validates-as-email\" aria-required=\"true\" aria-invalid=\"false\" value=\"\" type=\"email\" name=\"your-email\" \/><\/span> <\/label>\n<\/p>\n<p><label> Subject<br \/>\n<span class=\"wpcf7-form-control-wrap\" data-name=\"your-subject\"><input size=\"40\" maxlength=\"400\" class=\"wpcf7-form-control wpcf7-text wpcf7-validates-as-required\" aria-required=\"true\" aria-invalid=\"false\" value=\"\" type=\"text\" name=\"your-subject\" \/><\/span> <\/label>\n<\/p>\n<p><label> Message<br \/>\n<span class=\"wpcf7-form-control-wrap\" data-name=\"your-message\"><textarea cols=\"40\" rows=\"10\" maxlength=\"2000\" class=\"wpcf7-form-control wpcf7-textarea\" aria-invalid=\"false\" name=\"your-message\"><\/textarea><\/span> <\/label>\n<\/p>\n<p><input class=\"wpcf7-form-control wpcf7-submit has-spinner\" type=\"submit\" value=\"Send\" \/>\n<\/p><p style=\"display: none !important;\" class=\"akismet-fields-container\" data-prefix=\"_wpcf7_ak_\"><label>&#916;<textarea name=\"_wpcf7_ak_hp_textarea\" cols=\"45\" rows=\"8\" maxlength=\"100\"><\/textarea><\/label><input type=\"hidden\" id=\"ak_js_1\" name=\"_wpcf7_ak_js\" value=\"19\"\/><script>\ndocument.getElementById( \"ak_js_1\" ).setAttribute( \"value\", ( new Date() ).getTime() );\n<\/script>\n<\/p><div class=\"wpcf7-response-output\" aria-hidden=\"true\"><\/div>\n<input type=\"hidden\" name=\"trp-form-language\" value=\"en\"\/><\/form>\n<\/div>\n\n<\/div>\n\n\n\n<div class=\"wp-block-column is-layout-flow wp-block-column-is-layout-flow\"><\/div>\n<\/div>\n<\/div>\n<\/div>\n<\/div><\/div>\n\n\n\n<p><\/p>","protected":false},"excerpt":{"rendered":"<p><span class=\"excerpt-fade\"><\/span><\/p>","protected":false},"author":2,"featured_media":358,"parent":0,"menu_order":0,"comment_status":"closed","ping_status":"closed","template":"","meta":{"footnotes":""},"class_list":["post-255","page","type-page","status-publish","has-post-thumbnail","hentry"],"yoast_head":"<!-- This site is optimized with the Yoast SEO plugin v27.6 - https:\/\/yoast.com\/product\/yoast-seo-wordpress\/ -->\n<title>Contact<\/title>\n<meta name=\"description\" content=\"Pour de plus amples renseignements sur les \u0153uvres pr\u00e9sent\u00e9es, vous pouvez me joindre via ce formulaire de contact.\" \/>\n<meta name=\"robots\" content=\"index, follow, max-snippet:-1, max-image-preview:large, max-video-preview:-1\" \/>\n<link rel=\"canonical\" href=\"https:\/\/agoskzaleska.art\/en\/contact\/\" \/>\n<meta property=\"og:locale\" content=\"en_GB\" \/>\n<meta property=\"og:type\" content=\"article\" \/>\n<meta property=\"og:title\" content=\"Contact\" \/>\n<meta property=\"og:description\" content=\"Pour de plus amples renseignements sur les \u0153uvres pr\u00e9sent\u00e9es, vous pouvez me joindre via ce formulaire de contact.\" \/>\n<meta property=\"og:url\" content=\"https:\/\/agoskzaleska.art\/en\/contact\/\" \/>\n<meta property=\"og:site_name\" content=\"A. Gosk-Zaleska\" \/>\n<meta property=\"article:modified_time\" content=\"2022-09-20T19:42:57+00:00\" \/>\n<meta property=\"og:image\" content=\"https:\/\/agoskzaleska.art\/wp-content\/uploads\/2022\/04\/Louie-\u00a9-2019-Agnes-Z-scaled.jpg\" \/>\n\t<meta property=\"og:image:width\" content=\"1920\" \/>\n\t<meta property=\"og:image:height\" content=\"2560\" \/>\n\t<meta property=\"og:image:type\" content=\"image\/jpeg\" \/>\n<meta name=\"twitter:card\" content=\"summary_large_image\" \/>\n<meta name=\"twitter:label1\" content=\"Estimated reading time\" \/>\n\t<meta name=\"twitter:data1\" content=\"1 minute\" \/>\n<script type=\"application\/ld+json\" class=\"yoast-schema-graph\">{\"@context\":\"https:\\\/\\\/schema.org\",\"@graph\":[{\"@type\":[\"WebPage\",\"ContactPage\"],\"@id\":\"https:\\\/\\\/agoskzaleska.art\\\/contact\\\/\",\"url\":\"https:\\\/\\\/agoskzaleska.art\\\/contact\\\/\",\"name\":\"Contact\",\"isPartOf\":{\"@id\":\"https:\\\/\\\/agoskzaleska.art\\\/#website\"},\"primaryImageOfPage\":{\"@id\":\"https:\\\/\\\/agoskzaleska.art\\\/contact\\\/#primaryimage\"},\"image\":{\"@id\":\"https:\\\/\\\/agoskzaleska.art\\\/contact\\\/#primaryimage\"},\"thumbnailUrl\":\"https:\\\/\\\/agoskzaleska.art\\\/wp-content\\\/uploads\\\/2022\\\/04\\\/Louie-\u00a9-2019-Agnes-Z-scaled.jpg\",\"datePublished\":\"2022-04-18T14:06:51+00:00\",\"dateModified\":\"2022-09-20T19:42:57+00:00\",\"description\":\"Pour de plus amples renseignements sur les \u0153uvres pr\u00e9sent\u00e9es, vous pouvez me joindre via ce formulaire de contact.\",\"breadcrumb\":{\"@id\":\"https:\\\/\\\/agoskzaleska.art\\\/contact\\\/#breadcrumb\"},\"inLanguage\":\"en-GB\",\"potentialAction\":[{\"@type\":\"ReadAction\",\"target\":[\"https:\\\/\\\/agoskzaleska.art\\\/contact\\\/\"]}]},{\"@type\":\"ImageObject\",\"inLanguage\":\"en-GB\",\"@id\":\"https:\\\/\\\/agoskzaleska.art\\\/contact\\\/#primaryimage\",\"url\":\"https:\\\/\\\/agoskzaleska.art\\\/wp-content\\\/uploads\\\/2022\\\/04\\\/Louie-\u00a9-2019-Agnes-Z-scaled.jpg\",\"contentUrl\":\"https:\\\/\\\/agoskzaleska.art\\\/wp-content\\\/uploads\\\/2022\\\/04\\\/Louie-\u00a9-2019-Agnes-Z-scaled.jpg\",\"width\":1920,\"height\":2560,\"caption\":\"sur le chemin du contact\"},{\"@type\":\"BreadcrumbList\",\"@id\":\"https:\\\/\\\/agoskzaleska.art\\\/contact\\\/#breadcrumb\",\"itemListElement\":[{\"@type\":\"ListItem\",\"position\":1,\"name\":\"Accueil\",\"item\":\"https:\\\/\\\/agoskzaleska.art\\\/\"},{\"@type\":\"ListItem\",\"position\":2,\"name\":\"Contact\"}]},{\"@type\":\"WebSite\",\"@id\":\"https:\\\/\\\/agoskzaleska.art\\\/#website\",\"url\":\"https:\\\/\\\/agoskzaleska.art\\\/\",\"name\":\"A. Gosk-Zaleska\",\"description\":\"Artiste peintre\",\"publisher\":{\"@id\":\"https:\\\/\\\/agoskzaleska.art\\\/#\\\/schema\\\/person\\\/fd0f4c7cf221cbb9947d3ca7110248e8\"},\"potentialAction\":[{\"@type\":\"SearchAction\",\"target\":{\"@type\":\"EntryPoint\",\"urlTemplate\":\"https:\\\/\\\/agoskzaleska.art\\\/?s={search_term_string}\"},\"query-input\":{\"@type\":\"PropertyValueSpecification\",\"valueRequired\":true,\"valueName\":\"search_term_string\"}}],\"inLanguage\":\"en-GB\"},{\"@type\":[\"Person\",\"Organization\"],\"@id\":\"https:\\\/\\\/agoskzaleska.art\\\/#\\\/schema\\\/person\\\/fd0f4c7cf221cbb9947d3ca7110248e8\",\"name\":\"A. Gosk-Zaleska\",\"image\":{\"@type\":\"ImageObject\",\"inLanguage\":\"en-GB\",\"@id\":\"https:\\\/\\\/agoskzaleska.art\\\/wp-content\\\/uploads\\\/2022\\\/04\\\/P1024952AGNIESZKA_PORTRAIT-CRAYON-3-scaled.jpeg\",\"url\":\"https:\\\/\\\/agoskzaleska.art\\\/wp-content\\\/uploads\\\/2022\\\/04\\\/P1024952AGNIESZKA_PORTRAIT-CRAYON-3-scaled.jpeg\",\"contentUrl\":\"https:\\\/\\\/agoskzaleska.art\\\/wp-content\\\/uploads\\\/2022\\\/04\\\/P1024952AGNIESZKA_PORTRAIT-CRAYON-3-scaled.jpeg\",\"width\":1998,\"height\":2560,\"caption\":\"A. Gosk-Zaleska\"},\"logo\":{\"@id\":\"https:\\\/\\\/agoskzaleska.art\\\/wp-content\\\/uploads\\\/2022\\\/04\\\/P1024952AGNIESZKA_PORTRAIT-CRAYON-3-scaled.jpeg\"},\"sameAs\":[\"https:\\\/\\\/agoskzaleska.art\",\"https:\\\/\\\/www.instagram.com\\\/agoskzaleska\\\/\"]}]}<\/script>\n<!-- \/ Yoast SEO plugin. -->","yoast_head_json":{"title":"Contact","description":"Pour de plus amples renseignements sur les \u0153uvres pr\u00e9sent\u00e9es, vous pouvez me joindre via ce formulaire de contact.","robots":{"index":"index","follow":"follow","max-snippet":"max-snippet:-1","max-image-preview":"max-image-preview:large","max-video-preview":"max-video-preview:-1"},"canonical":"https:\/\/agoskzaleska.art\/en\/contact\/","og_locale":"en_GB","og_type":"article","og_title":"Contact","og_description":"Pour de plus amples renseignements sur les \u0153uvres pr\u00e9sent\u00e9es, vous pouvez me joindre via ce formulaire de contact.","og_url":"https:\/\/agoskzaleska.art\/en\/contact\/","og_site_name":"A. Gosk-Zaleska","article_modified_time":"2022-09-20T19:42:57+00:00","og_image":[{"width":1920,"height":2560,"url":"https:\/\/agoskzaleska.art\/wp-content\/uploads\/2022\/04\/Louie-\u00a9-2019-Agnes-Z-scaled.jpg","type":"image\/jpeg"}],"twitter_card":"summary_large_image","twitter_misc":{"Estimated reading time":"1 minute"},"schema":{"@context":"https:\/\/schema.org","@graph":[{"@type":["WebPage","ContactPage"],"@id":"https:\/\/agoskzaleska.art\/contact\/","url":"https:\/\/agoskzaleska.art\/contact\/","name":"Contact","isPartOf":{"@id":"https:\/\/agoskzaleska.art\/#website"},"primaryImageOfPage":{"@id":"https:\/\/agoskzaleska.art\/contact\/#primaryimage"},"image":{"@id":"https:\/\/agoskzaleska.art\/contact\/#primaryimage"},"thumbnailUrl":"https:\/\/agoskzaleska.art\/wp-content\/uploads\/2022\/04\/Louie-\u00a9-2019-Agnes-Z-scaled.jpg","datePublished":"2022-04-18T14:06:51+00:00","dateModified":"2022-09-20T19:42:57+00:00","description":"Pour de plus amples renseignements sur les \u0153uvres pr\u00e9sent\u00e9es, vous pouvez me joindre via ce formulaire de contact.","breadcrumb":{"@id":"https:\/\/agoskzaleska.art\/contact\/#breadcrumb"},"inLanguage":"en-GB","potentialAction":[{"@type":"ReadAction","target":["https:\/\/agoskzaleska.art\/contact\/"]}]},{"@type":"ImageObject","inLanguage":"en-GB","@id":"https:\/\/agoskzaleska.art\/contact\/#primaryimage","url":"https:\/\/agoskzaleska.art\/wp-content\/uploads\/2022\/04\/Louie-\u00a9-2019-Agnes-Z-scaled.jpg","contentUrl":"https:\/\/agoskzaleska.art\/wp-content\/uploads\/2022\/04\/Louie-\u00a9-2019-Agnes-Z-scaled.jpg","width":1920,"height":2560,"caption":"sur le chemin du contact"},{"@type":"BreadcrumbList","@id":"https:\/\/agoskzaleska.art\/contact\/#breadcrumb","itemListElement":[{"@type":"ListItem","position":1,"name":"Accueil","item":"https:\/\/agoskzaleska.art\/"},{"@type":"ListItem","position":2,"name":"Contact"}]},{"@type":"WebSite","@id":"https:\/\/agoskzaleska.art\/#website","url":"https:\/\/agoskzaleska.art\/","name":"A. Gosk-Zaleska","description":"Artiste peintre","publisher":{"@id":"https:\/\/agoskzaleska.art\/#\/schema\/person\/fd0f4c7cf221cbb9947d3ca7110248e8"},"potentialAction":[{"@type":"SearchAction","target":{"@type":"EntryPoint","urlTemplate":"https:\/\/agoskzaleska.art\/?s={search_term_string}"},"query-input":{"@type":"PropertyValueSpecification","valueRequired":true,"valueName":"search_term_string"}}],"inLanguage":"en-GB"},{"@type":["Person","Organization"],"@id":"https:\/\/agoskzaleska.art\/#\/schema\/person\/fd0f4c7cf221cbb9947d3ca7110248e8","name":"A. Gosk-Zaleska","image":{"@type":"ImageObject","inLanguage":"en-GB","@id":"https:\/\/agoskzaleska.art\/wp-content\/uploads\/2022\/04\/P1024952AGNIESZKA_PORTRAIT-CRAYON-3-scaled.jpeg","url":"https:\/\/agoskzaleska.art\/wp-content\/uploads\/2022\/04\/P1024952AGNIESZKA_PORTRAIT-CRAYON-3-scaled.jpeg","contentUrl":"https:\/\/agoskzaleska.art\/wp-content\/uploads\/2022\/04\/P1024952AGNIESZKA_PORTRAIT-CRAYON-3-scaled.jpeg","width":1998,"height":2560,"caption":"A. Gosk-Zaleska"},"logo":{"@id":"https:\/\/agoskzaleska.art\/wp-content\/uploads\/2022\/04\/P1024952AGNIESZKA_PORTRAIT-CRAYON-3-scaled.jpeg"},"sameAs":["https:\/\/agoskzaleska.art","https:\/\/www.instagram.com\/agoskzaleska\/"]}]}},"jetpack_sharing_enabled":true,"_links":{"self":[{"href":"https:\/\/agoskzaleska.art\/en\/wp-json\/wp\/v2\/pages\/255","targetHints":{"allow":["GET"]}}],"collection":[{"href":"https:\/\/agoskzaleska.art\/en\/wp-json\/wp\/v2\/pages"}],"about":[{"href":"https:\/\/agoskzaleska.art\/en\/wp-json\/wp\/v2\/types\/page"}],"author":[{"embeddable":true,"href":"https:\/\/agoskzaleska.art\/en\/wp-json\/wp\/v2\/users\/2"}],"replies":[{"embeddable":true,"href":"https:\/\/agoskzaleska.art\/en\/wp-json\/wp\/v2\/comments?post=255"}],"version-history":[{"count":22,"href":"https:\/\/agoskzaleska.art\/en\/wp-json\/wp\/v2\/pages\/255\/revisions"}],"predecessor-version":[{"id":3418,"href":"https:\/\/agoskzaleska.art\/en\/wp-json\/wp\/v2\/pages\/255\/revisions\/3418"}],"wp:featuredmedia":[{"embeddable":true,"href":"https:\/\/agoskzaleska.art\/en\/wp-json\/wp\/v2\/media\/358"}],"wp:attachment":[{"href":"https:\/\/agoskzaleska.art\/en\/wp-json\/wp\/v2\/media?parent=255"}],"curies":[{"name":"wp","href":"https:\/\/api.w.org\/{rel}","templated":true}]}}