{"id":179,"date":"2022-04-17T23:33:37","date_gmt":"2022-04-17T21:33:37","guid":{"rendered":"https:\/\/agoskzaleska.art\/?page_id=179"},"modified":"2026-02-19T22:54:38","modified_gmt":"2026-02-19T21:54:38","slug":"biographie","status":"publish","type":"page","link":"https:\/\/agoskzaleska.art\/en\/biographie\/","title":{"rendered":"Biography"},"content":{"rendered":"<h2 class=\"wp-block-heading\"><em>Agnieszka GOSK-ZALESKA (1986) peintre n\u00e9e en Podlachie en Pologne<strong>, vit et travail<\/strong>le en France, actuellement \u00e0 Paris<\/em>.<\/h2>\n\n\n\n<div class=\"wp-block-media-text is-stacked-on-mobile is-vertically-aligned-center\" style=\"grid-template-columns:20% auto\"><figure class=\"wp-block-media-text__media\"><img loading=\"lazy\" decoding=\"async\" width=\"1024\" height=\"844\" data-attachment-id=\"5278\" data-permalink=\"https:\/\/agoskzaleska.art\/en\/a-gosk-zaleska-a-l-atelier-2\/\" data-orig-file=\"https:\/\/agoskzaleska.art\/wp-content\/uploads\/2025\/08\/A.-Gosk-Zaleska-a-l-atelier-scaled.jpg\" data-orig-size=\"2560,2111\" data-comments-opened=\"0\" data-image-meta=\"{&quot;aperture&quot;:&quot;1.7&quot;,&quot;credit&quot;:&quot;&quot;,&quot;camera&quot;:&quot;DC-GX9&quot;,&quot;caption&quot;:&quot;&quot;,&quot;created_timestamp&quot;:&quot;1755105174&quot;,&quot;copyright&quot;:&quot;&quot;,&quot;focal_length&quot;:&quot;25&quot;,&quot;iso&quot;:&quot;200&quot;,&quot;shutter_speed&quot;:&quot;0.0125&quot;,&quot;title&quot;:&quot;&quot;,&quot;orientation&quot;:&quot;1&quot;}\" data-image-title=\"Agnieszka Gosk-Zaleska, Paris 2025  \u00a9 adagp\" data-image-description=\"&lt;p&gt;Agnieszka Gosk-Zaleska, Paris 2025 \u00a9 adagp&lt;\/p&gt;\" data-image-caption=\"&lt;p&gt;Agnieszka Gosk-Zaleska, Paris 2025  \u00a9 adagp&lt;\/p&gt;\" data-large-file=\"https:\/\/agoskzaleska.art\/wp-content\/uploads\/2025\/08\/A.-Gosk-Zaleska-a-l-atelier-1024x844.jpg\" src=\"https:\/\/agoskzaleska.art\/wp-content\/uploads\/2025\/08\/A.-Gosk-Zaleska-a-l-atelier-1024x844.jpg\" alt=\"\" class=\"wp-image-5278 size-full\" srcset=\"https:\/\/agoskzaleska.art\/wp-content\/uploads\/2025\/08\/A.-Gosk-Zaleska-a-l-atelier-1024x844.jpg 1024w, https:\/\/agoskzaleska.art\/wp-content\/uploads\/2025\/08\/A.-Gosk-Zaleska-a-l-atelier-300x247.jpg 300w, https:\/\/agoskzaleska.art\/wp-content\/uploads\/2025\/08\/A.-Gosk-Zaleska-a-l-atelier-768x633.jpg 768w, https:\/\/agoskzaleska.art\/wp-content\/uploads\/2025\/08\/A.-Gosk-Zaleska-a-l-atelier-1536x1267.jpg 1536w, https:\/\/agoskzaleska.art\/wp-content\/uploads\/2025\/08\/A.-Gosk-Zaleska-a-l-atelier-2048x1689.jpg 2048w, https:\/\/agoskzaleska.art\/wp-content\/uploads\/2025\/08\/A.-Gosk-Zaleska-a-l-atelier-15x12.jpg 15w, https:\/\/agoskzaleska.art\/wp-content\/uploads\/2025\/08\/A.-Gosk-Zaleska-a-l-atelier-364x300.jpg 364w\" sizes=\"auto, (max-width: 1024px) 100vw, 1024px\" \/><\/figure><div class=\"wp-block-media-text__content\">\n<p>L\u2019\u0153uvre d&rsquo;Agnieszka Gosk-Zaleska abord les th\u00e8mes de l\u2019espace, de l\u2019identit\u00e9, de la philosophie. Son amour pour la nature, impr\u00e9gn\u00e9 par ses origines, fa\u00e7onne une grande partie de son art. Elle cr\u00e9e des horizons indomptables, en mati\u00e8re volumineuse superpos\u00e9e sur la toile. Ses paysages sont primaires, suspendus dans le\u00a0temps, au-del\u00e0 des\u00a0rapports de\u00a0force et de domination.<\/p>\n\n\n\n<p>Les \u00eatres humains \u00e9mergent dans une \u0153uvre \u00e0 part &#8211; le portrait. De pr\u00e8s, avec un regard fixe les vissages questionnent la soci\u00e9t\u00e9 d&rsquo;aujourd&rsquo;hui et d\u00e9voilent la r\u00e9alit\u00e9 de l\u2019artiste : pr\u00e9sente, consciente, fid\u00e8le \u00e0 la cr\u00e9ation.<\/p>\n\n\n\n<p>A. Gosk-Zaleska expose ses \u0153uvres r\u00e9guli\u00e8rement dans des espaces ouverts \u00e0&nbsp;tous, encourageant une&nbsp;communication sensible : par-del\u00e0 des mots.&nbsp; L&rsquo;artiste souhaite emmener les spectateurs dans un voyage silencieux, introspectif, au coeur de l&rsquo;\u00e2me cr\u00e9atrice.<\/p>\n\n\n\n<p><br>* Droits d&rsquo;autrice g\u00e9r\u00e9s par l&rsquo;<a href=\"https:\/\/www.adagp.fr\/fr\/identities\/carte-numerique\/1852969\" target=\"_blank\" rel=\"noreferrer noopener\">ADAGP<\/a><\/p>\n<\/div><\/div>\n\n\n\n<p><br><\/p>\n\n\n\n<p class=\"has-text-align-center\"><a href=\"https:\/\/agoskzaleska.art\/en\/expositions\/\"><strong>EXPOSITIONS :<\/strong><br><\/a><\/p>\n\n\n\n<p class=\"has-text-align-center\">22 novembre au 19 d\u00e9cembre 2025<br><strong><em>Exposition collective : Cartes postales et mail-art<\/em><\/strong><br>Immanence, 21 Avenue du Maine, 75015 Paris \/ FRANCE<\/p>\n\n\n\n<p class=\"has-text-align-center\">***<\/p>\n\n\n\n<p class=\"has-text-align-center\">4 au 16 novembre 2025 <br><strong><em>160e Salon de Versailles des Artistes d\u2019\u00cele-de-France<\/em><\/strong><br>Carr\u00e9 \u00e0 la Farine, 70 bis, rue de la Paroisse, 78000 Versailles \/ FRANCE<\/p>\n\n\n\n<p class=\"has-text-align-center\">***<\/p>\n\n\n\n<p class=\"has-text-align-center\">28 octobre au 2 novembre 2025<br><strong><em>122e Salon d&rsquo;Automne<\/em><\/strong><br>Place de la Concorde, 75008 Paris \/ FRANCE<br><br>***<\/p>\n\n\n\n<p class=\"has-text-align-center\">23 ao\u00fbt au 5 septembre 2025 <br><strong><em>Restitution de la r\u00e9sidence artistique d&rsquo;Agnieszka Gosk-Zaleska<\/em><\/strong><br>Chemin du Montparnasse, 21 Avenue du Maine, 75015 Paris \/ FRANCE<\/p>\n\n\n\n<p class=\"has-text-align-center\">***<\/p>\n\n\n\n<p class=\"has-text-align-center\">1 mai au 1 juin 2025 <br><strong><em>Exposition au Parc Floral de Paris<\/em><\/strong> <br>Parc Floral de Paris, Pavillon 18 : Route de la Pyramide, 75012 Paris \/ FRANCE<br><br>***<\/p>\n\n\n\n<p class=\"has-text-align-center\">5 au 17 novembre 2024 <br><strong><em>159e Salon de Versailles des Artistes d\u2019\u00cele-de-France<\/em><\/strong><br>Carr\u00e9 \u00e0 la Farine : 70 bis, rue de la Paroisse, 78000 Versailles \/ FRANCE<\/p>\n\n\n\n<p class=\"has-text-align-center\">***<\/p>\n\n\n\n<p class=\"has-text-align-center\">18 octobre au 2 novembre 2024<br><strong>22e&nbsp;Biennale des Artistes du 6e<\/strong><br><span>Mairie du 6e arrondissement de Paris<\/span> \/ FRANCE<\/p>\n\n\n\n<p class=\"has-text-align-center\">***<\/p>\n\n\n\n<p class=\"has-text-align-center\">23 au 27 octobre 2024<br><strong>121e Salon d&rsquo;Automne 2024 <\/strong><br>Champs-Elys\u00e9es \/ Place George Clemenceau, 75008 Paris \/ FRANCE<\/p>\n\n\n\n<p class=\"has-text-align-center\">***<\/p>\n\n\n\n<p class=\"has-text-align-center\">8 au 18 ao\u00fbt 2024<br><strong>25e exposition de l\u2019Art Actuel France-Japon <\/strong><br>The National Art Center : 7-22-2 Roppongi Minato-ku 106-8558 Tokyo \/ JAPON<\/p>\n\n\n\n<p class=\"has-text-align-center\"><\/p>\n\n\n\n<p class=\"has-text-align-center\">***<\/p>\n\n\n\n<p class=\"has-text-align-center\">26 au 30 juin 2024<br><strong><em>Salon des Beaux Arts 2024 &#8211; Section Peinture<\/em><\/strong> <br>Orangerie du S\u00e9nat au Jardin du Luxembourg, 75006 Paris \/ FRANCE<br><br><\/p>\n\n\n\n<p class=\"has-text-align-center\">***<\/p>\n\n\n\n<p class=\"has-text-align-center\">17 au 21 janvier 2024<br><strong><i>Salon d&rsquo;Automne &#8211; 120 ans  <\/i><\/strong><i><br><\/i>Grande Halle de la Villette, 75019 Paris \/ FRANCE<\/p>\n\n\n\n<p class=\"has-text-align-center\"><\/p>\n\n\n\n<p class=\"has-text-align-center\">***<br>19 septembre au 1 octobre 2023 <br><strong><em>158\u00e8me Salon de Versailles des Artistes d\u2019\u00cele-de-France<\/em><\/strong><br>Carr\u00e9 \u00e0 la Farine : 70 bis, rue de la Paroisse, 78000 Versailles \/ FRANCE<br><br><em>\u00ab\u00a0<\/em><strong><em>Prix du Comit\u00e9\u00a0\u00bb du 158\u00e8me Salon de la Soci\u00e9t\u00e9 Versaillaise des Artistes d\u2019Ile de France&nbsp;<\/em><\/strong><\/p>\n\n\n\n<p class=\"has-text-align-center\"><\/p>\n\n\n\n<p class=\"has-text-align-center\">***<br>20 au 24 septembre 2023<br><strong><em>Salon des Beaux Arts 2023 &#8211; Section Peinture&nbsp;<\/em><\/strong><br>R\u00e9fectoire des Cordeliers : 15 rue de l&rsquo;\u00c9cole de M\u00e9decine, 75006 Paris \/ FRANCE<\/p>\n\n\n\n<p><\/p>\n\n\n\n<p class=\"has-text-align-center\"><br>***<\/p>\n\n\n\n<p class=\"has-text-align-center\">16 mai au 15 juin 2023<br>Exposition collective <strong><em>\u00ab\u00a0Th\u00e9r\u00e8se de Lisieux\u00a0\u00bb<\/em><\/strong><br>Galerie Martine Moisan&nbsp;6-8 Galerie Vivienne, 75002 Paris \/ FRANCE<\/p>\n\n\n\n<p class=\"has-text-align-center\"><\/p>\n\n\n\n<p class=\"has-text-align-center\">***<\/p>\n\n\n\n<p class=\"has-text-align-center\">6 mai au 14 mai 2023<br>Exposition collective <strong><em>\u00ab\u00a0Th\u00e9r\u00e8se de Lisieux\u00a0\u00bb&nbsp;<\/em><\/strong><br>Basilique Notre-Dame-des-Victoires : 7 Place des Petits P\u00e8res, 75002 Paris \/ FRANCE<\/p>\n\n\n\n<p class=\"has-text-align-center\"><\/p>\n\n\n\n<p class=\"has-text-align-center\"><\/p>\n\n\n\n<p class=\"has-text-align-center\">***<\/p>\n\n\n\n<p class=\"has-text-align-center\">6 mars 2023 au 30 avril 2023<br>Exposition personnelle de peintures : <strong><em>\u00ab\u00a0Invitation \u00e0 la r\u00eaverie. Peintures d&rsquo;Agnieszka Gosk-Zaleska\u00a0\u00bb<\/em><\/strong><br>Sortir du cadre : 4 rue d&rsquo;Alen\u00e7on, 75015 Paris \/ FRANCE<\/p>\n\n\n\n<p class=\"has-text-align-center\"><\/p>\n\n\n\n<p class=\"has-text-align-center\">***<\/p>\n\n\n\n<p class=\"has-text-align-center\">29 septembre 2022 &#8211; 4 octobre 2022<br><strong><em>Salon des Beaux Arts 2022<\/em><\/strong> \/ Section Peinture <br>Orangerie du S\u00e9nat au Jardin du Luxembourg, 75006 Paris \/ FRANCE<\/p>\n\n\n\n<p class=\"has-text-align-center\"><\/p>\n\n\n\n<p><\/p>\n\n\n\n<p class=\"has-text-align-center\">***<\/p>\n\n\n\n<p class=\"has-text-align-center\">31 mars 2022 &#8211; 21 mai 2022<br>Exposition personnelle de peintures : <strong><em>\u00ab\u00a0Apr\u00e8s la For\u00eat. Peintures d&rsquo;Agnieszka Gosk-Zaleska\u00a0\u00bb<\/em><\/strong><br>Sortir du cadre : 4 rue d&rsquo;Alen\u00e7on, 75015 Paris \/ FRANCE<\/p>\n\n\n\n<p><\/p>\n\n\n\n<p class=\"has-text-align-center\"><br>***<\/p>\n\n\n\n<p class=\"has-text-align-center\">10 d\u00e9cembre 2019 &#8211; 7 janvier 2020<br>Exposition collective de photographies : <strong><em>\u00ab\u00a0Entre la racine et le bouquet il y a du temps\u00a0\u00bb<\/em><\/strong><br>Galerie d&rsquo;art Casa Ramalhete : Rua Ramalhete 611, Belo Horizonte \/ BR\u00c9SIL<br><\/p>\n\n\n\n<p><\/p>\n\n\n\n<h2 class=\"wp-block-heading\"><\/h2>\n\n\n\n<p><\/p>\n\n\n\n<p class=\"has-text-align-center\"><strong>CATALOGUES  D&rsquo;EXPOSITION:<\/strong><br>Exposition de l&rsquo;Art Actuel France-Japon, Tokyo 2024 <br>Salon de la Soci\u00e9t\u00e9 Versaillaise des Artistes d\u2019\u00cele-de-France, Versailles (2023, 2024, 2025)<br>Salon d&rsquo;Automne, Paris (2023, 2024, 2025)<br>Salon des Beaux Arts, Paris (2022, 2023, 2024) <br><\/p>\n\n\n\n<p><\/p>\n\n\n\n<p class=\"has-text-align-left\"><\/p>\n\n\n\n<p><\/p>","protected":false},"excerpt":{"rendered":"<p>Agnieszka Gosk-Zaleska artiste n\u00e9e en 1986 en Podlachie en Pologne. Vit et travaille \u00e0 Paris.<\/p>","protected":false},"author":2,"featured_media":5868,"parent":0,"menu_order":0,"comment_status":"closed","ping_status":"closed","template":"","meta":{"footnotes":""},"class_list":["post-179","page","type-page","status-publish","has-post-thumbnail","hentry"],"yoast_head":"<!-- This site is optimized with the Yoast SEO plugin v27.6 - https:\/\/yoast.com\/product\/yoast-seo-wordpress\/ -->\n<title>Biographie - A. Gosk-Zaleska<\/title>\n<meta name=\"description\" content=\"Agnieszka Gosk Zaleska : artiste peintre, po\u00e9tesse. Elle vit et travaille en France o\u00f9 ses \u0153uvres sont expos\u00e9es r\u00e9guli\u00e8rement.\" \/>\n<meta name=\"robots\" content=\"index, follow, max-snippet:-1, max-image-preview:large, max-video-preview:-1\" \/>\n<link rel=\"canonical\" href=\"https:\/\/agoskzaleska.art\/en\/biographie\/\" \/>\n<meta property=\"og:locale\" content=\"en_GB\" \/>\n<meta property=\"og:type\" content=\"article\" \/>\n<meta property=\"og:title\" content=\"Biographie - A. Gosk-Zaleska\" \/>\n<meta property=\"og:description\" content=\"Agnieszka Gosk Zaleska : artiste peintre, po\u00e9tesse. Elle vit et travaille en France o\u00f9 ses \u0153uvres sont expos\u00e9es r\u00e9guli\u00e8rement.\" \/>\n<meta property=\"og:url\" content=\"https:\/\/agoskzaleska.art\/en\/biographie\/\" \/>\n<meta property=\"og:site_name\" content=\"A. Gosk-Zaleska\" \/>\n<meta property=\"article:modified_time\" content=\"2026-02-19T21:54:38+00:00\" \/>\n<meta property=\"og:image\" content=\"https:\/\/agoskzaleska.art\/wp-content\/uploads\/2026\/02\/A_l_ecart_AGoskZaleska-scaled.jpeg\" \/>\n\t<meta property=\"og:image:width\" content=\"2118\" \/>\n\t<meta property=\"og:image:height\" content=\"2560\" \/>\n\t<meta property=\"og:image:type\" content=\"image\/jpeg\" \/>\n<meta name=\"twitter:card\" content=\"summary_large_image\" \/>\n<meta name=\"twitter:label1\" content=\"Estimated reading time\" \/>\n\t<meta name=\"twitter:data1\" content=\"4 minutes\" \/>\n<script type=\"application\/ld+json\" class=\"yoast-schema-graph\">{\"@context\":\"https:\\\/\\\/schema.org\",\"@graph\":[{\"@type\":[\"WebPage\",\"ProfilePage\"],\"@id\":\"https:\\\/\\\/agoskzaleska.art\\\/biographie\\\/\",\"url\":\"https:\\\/\\\/agoskzaleska.art\\\/biographie\\\/\",\"name\":\"Biographie - A. Gosk-Zaleska\",\"isPartOf\":{\"@id\":\"https:\\\/\\\/agoskzaleska.art\\\/#website\"},\"primaryImageOfPage\":{\"@id\":\"https:\\\/\\\/agoskzaleska.art\\\/biographie\\\/#primaryimage\"},\"image\":{\"@id\":\"https:\\\/\\\/agoskzaleska.art\\\/biographie\\\/#primaryimage\"},\"thumbnailUrl\":\"https:\\\/\\\/agoskzaleska.art\\\/wp-content\\\/uploads\\\/2026\\\/02\\\/A_l_ecart_AGoskZaleska-scaled.jpeg\",\"datePublished\":\"2022-04-17T21:33:37+00:00\",\"dateModified\":\"2026-02-19T21:54:38+00:00\",\"description\":\"Agnieszka Gosk Zaleska : artiste peintre, po\u00e9tesse. Elle vit et travaille en France o\u00f9 ses \u0153uvres sont expos\u00e9es r\u00e9guli\u00e8rement.\",\"breadcrumb\":{\"@id\":\"https:\\\/\\\/agoskzaleska.art\\\/biographie\\\/#breadcrumb\"},\"inLanguage\":\"en-GB\",\"potentialAction\":[{\"@type\":\"ReadAction\",\"target\":[\"https:\\\/\\\/agoskzaleska.art\\\/biographie\\\/\"]}]},{\"@type\":\"ImageObject\",\"inLanguage\":\"en-GB\",\"@id\":\"https:\\\/\\\/agoskzaleska.art\\\/biographie\\\/#primaryimage\",\"url\":\"https:\\\/\\\/agoskzaleska.art\\\/wp-content\\\/uploads\\\/2026\\\/02\\\/A_l_ecart_AGoskZaleska-scaled.jpeg\",\"contentUrl\":\"https:\\\/\\\/agoskzaleska.art\\\/wp-content\\\/uploads\\\/2026\\\/02\\\/A_l_ecart_AGoskZaleska-scaled.jpeg\",\"width\":2118,\"height\":2560,\"caption\":\"A. Gosk-Zaleska \u00c0 l'\u00e9cart, 2026 huile sur toile 38 x 46 cm Tous droits r\u00e9serves : adagp\"},{\"@type\":\"BreadcrumbList\",\"@id\":\"https:\\\/\\\/agoskzaleska.art\\\/biographie\\\/#breadcrumb\",\"itemListElement\":[{\"@type\":\"ListItem\",\"position\":1,\"name\":\"Accueil\",\"item\":\"https:\\\/\\\/agoskzaleska.art\\\/\"},{\"@type\":\"ListItem\",\"position\":2,\"name\":\"Biographie\"}]},{\"@type\":\"WebSite\",\"@id\":\"https:\\\/\\\/agoskzaleska.art\\\/#website\",\"url\":\"https:\\\/\\\/agoskzaleska.art\\\/\",\"name\":\"A. Gosk-Zaleska\",\"description\":\"Artiste peintre\",\"publisher\":{\"@id\":\"https:\\\/\\\/agoskzaleska.art\\\/#\\\/schema\\\/person\\\/fd0f4c7cf221cbb9947d3ca7110248e8\"},\"potentialAction\":[{\"@type\":\"SearchAction\",\"target\":{\"@type\":\"EntryPoint\",\"urlTemplate\":\"https:\\\/\\\/agoskzaleska.art\\\/?s={search_term_string}\"},\"query-input\":{\"@type\":\"PropertyValueSpecification\",\"valueRequired\":true,\"valueName\":\"search_term_string\"}}],\"inLanguage\":\"en-GB\"},{\"@type\":[\"Person\",\"Organization\"],\"@id\":\"https:\\\/\\\/agoskzaleska.art\\\/#\\\/schema\\\/person\\\/fd0f4c7cf221cbb9947d3ca7110248e8\",\"name\":\"A. Gosk-Zaleska\",\"image\":{\"@type\":\"ImageObject\",\"inLanguage\":\"en-GB\",\"@id\":\"https:\\\/\\\/agoskzaleska.art\\\/wp-content\\\/uploads\\\/2022\\\/04\\\/P1024952AGNIESZKA_PORTRAIT-CRAYON-3-scaled.jpeg\",\"url\":\"https:\\\/\\\/agoskzaleska.art\\\/wp-content\\\/uploads\\\/2022\\\/04\\\/P1024952AGNIESZKA_PORTRAIT-CRAYON-3-scaled.jpeg\",\"contentUrl\":\"https:\\\/\\\/agoskzaleska.art\\\/wp-content\\\/uploads\\\/2022\\\/04\\\/P1024952AGNIESZKA_PORTRAIT-CRAYON-3-scaled.jpeg\",\"width\":1998,\"height\":2560,\"caption\":\"A. Gosk-Zaleska\"},\"logo\":{\"@id\":\"https:\\\/\\\/agoskzaleska.art\\\/wp-content\\\/uploads\\\/2022\\\/04\\\/P1024952AGNIESZKA_PORTRAIT-CRAYON-3-scaled.jpeg\"},\"mainEntityOfPage\":{\"@id\":\"https:\\\/\\\/agoskzaleska.art\\\/biographie\\\/\"},\"sameAs\":[\"https:\\\/\\\/agoskzaleska.art\",\"https:\\\/\\\/www.instagram.com\\\/agoskzaleska\\\/\"]}]}<\/script>\n<!-- \/ Yoast SEO plugin. -->","yoast_head_json":{"title":"Biographie - A. Gosk-Zaleska","description":"Agnieszka Gosk Zaleska : artiste peintre, po\u00e9tesse. Elle vit et travaille en France o\u00f9 ses \u0153uvres sont expos\u00e9es r\u00e9guli\u00e8rement.","robots":{"index":"index","follow":"follow","max-snippet":"max-snippet:-1","max-image-preview":"max-image-preview:large","max-video-preview":"max-video-preview:-1"},"canonical":"https:\/\/agoskzaleska.art\/en\/biographie\/","og_locale":"en_GB","og_type":"article","og_title":"Biographie - A. Gosk-Zaleska","og_description":"Agnieszka Gosk Zaleska : artiste peintre, po\u00e9tesse. Elle vit et travaille en France o\u00f9 ses \u0153uvres sont expos\u00e9es r\u00e9guli\u00e8rement.","og_url":"https:\/\/agoskzaleska.art\/en\/biographie\/","og_site_name":"A. Gosk-Zaleska","article_modified_time":"2026-02-19T21:54:38+00:00","og_image":[{"width":2118,"height":2560,"url":"https:\/\/agoskzaleska.art\/wp-content\/uploads\/2026\/02\/A_l_ecart_AGoskZaleska-scaled.jpeg","type":"image\/jpeg"}],"twitter_card":"summary_large_image","twitter_misc":{"Estimated reading time":"4 minutes"},"schema":{"@context":"https:\/\/schema.org","@graph":[{"@type":["WebPage","ProfilePage"],"@id":"https:\/\/agoskzaleska.art\/biographie\/","url":"https:\/\/agoskzaleska.art\/biographie\/","name":"Biographie - A. Gosk-Zaleska","isPartOf":{"@id":"https:\/\/agoskzaleska.art\/#website"},"primaryImageOfPage":{"@id":"https:\/\/agoskzaleska.art\/biographie\/#primaryimage"},"image":{"@id":"https:\/\/agoskzaleska.art\/biographie\/#primaryimage"},"thumbnailUrl":"https:\/\/agoskzaleska.art\/wp-content\/uploads\/2026\/02\/A_l_ecart_AGoskZaleska-scaled.jpeg","datePublished":"2022-04-17T21:33:37+00:00","dateModified":"2026-02-19T21:54:38+00:00","description":"Agnieszka Gosk Zaleska : artiste peintre, po\u00e9tesse. Elle vit et travaille en France o\u00f9 ses \u0153uvres sont expos\u00e9es r\u00e9guli\u00e8rement.","breadcrumb":{"@id":"https:\/\/agoskzaleska.art\/biographie\/#breadcrumb"},"inLanguage":"en-GB","potentialAction":[{"@type":"ReadAction","target":["https:\/\/agoskzaleska.art\/biographie\/"]}]},{"@type":"ImageObject","inLanguage":"en-GB","@id":"https:\/\/agoskzaleska.art\/biographie\/#primaryimage","url":"https:\/\/agoskzaleska.art\/wp-content\/uploads\/2026\/02\/A_l_ecart_AGoskZaleska-scaled.jpeg","contentUrl":"https:\/\/agoskzaleska.art\/wp-content\/uploads\/2026\/02\/A_l_ecart_AGoskZaleska-scaled.jpeg","width":2118,"height":2560,"caption":"A. Gosk-Zaleska \u00c0 l'\u00e9cart, 2026 huile sur toile 38 x 46 cm Tous droits r\u00e9serves : adagp"},{"@type":"BreadcrumbList","@id":"https:\/\/agoskzaleska.art\/biographie\/#breadcrumb","itemListElement":[{"@type":"ListItem","position":1,"name":"Accueil","item":"https:\/\/agoskzaleska.art\/"},{"@type":"ListItem","position":2,"name":"Biographie"}]},{"@type":"WebSite","@id":"https:\/\/agoskzaleska.art\/#website","url":"https:\/\/agoskzaleska.art\/","name":"A. Gosk-Zaleska","description":"Artiste peintre","publisher":{"@id":"https:\/\/agoskzaleska.art\/#\/schema\/person\/fd0f4c7cf221cbb9947d3ca7110248e8"},"potentialAction":[{"@type":"SearchAction","target":{"@type":"EntryPoint","urlTemplate":"https:\/\/agoskzaleska.art\/?s={search_term_string}"},"query-input":{"@type":"PropertyValueSpecification","valueRequired":true,"valueName":"search_term_string"}}],"inLanguage":"en-GB"},{"@type":["Person","Organization"],"@id":"https:\/\/agoskzaleska.art\/#\/schema\/person\/fd0f4c7cf221cbb9947d3ca7110248e8","name":"A. Gosk-Zaleska","image":{"@type":"ImageObject","inLanguage":"en-GB","@id":"https:\/\/agoskzaleska.art\/wp-content\/uploads\/2022\/04\/P1024952AGNIESZKA_PORTRAIT-CRAYON-3-scaled.jpeg","url":"https:\/\/agoskzaleska.art\/wp-content\/uploads\/2022\/04\/P1024952AGNIESZKA_PORTRAIT-CRAYON-3-scaled.jpeg","contentUrl":"https:\/\/agoskzaleska.art\/wp-content\/uploads\/2022\/04\/P1024952AGNIESZKA_PORTRAIT-CRAYON-3-scaled.jpeg","width":1998,"height":2560,"caption":"A. Gosk-Zaleska"},"logo":{"@id":"https:\/\/agoskzaleska.art\/wp-content\/uploads\/2022\/04\/P1024952AGNIESZKA_PORTRAIT-CRAYON-3-scaled.jpeg"},"mainEntityOfPage":{"@id":"https:\/\/agoskzaleska.art\/biographie\/"},"sameAs":["https:\/\/agoskzaleska.art","https:\/\/www.instagram.com\/agoskzaleska\/"]}]}},"jetpack_sharing_enabled":true,"_links":{"self":[{"href":"https:\/\/agoskzaleska.art\/en\/wp-json\/wp\/v2\/pages\/179","targetHints":{"allow":["GET"]}}],"collection":[{"href":"https:\/\/agoskzaleska.art\/en\/wp-json\/wp\/v2\/pages"}],"about":[{"href":"https:\/\/agoskzaleska.art\/en\/wp-json\/wp\/v2\/types\/page"}],"author":[{"embeddable":true,"href":"https:\/\/agoskzaleska.art\/en\/wp-json\/wp\/v2\/users\/2"}],"replies":[{"embeddable":true,"href":"https:\/\/agoskzaleska.art\/en\/wp-json\/wp\/v2\/comments?post=179"}],"version-history":[{"count":384,"href":"https:\/\/agoskzaleska.art\/en\/wp-json\/wp\/v2\/pages\/179\/revisions"}],"predecessor-version":[{"id":5843,"href":"https:\/\/agoskzaleska.art\/en\/wp-json\/wp\/v2\/pages\/179\/revisions\/5843"}],"wp:featuredmedia":[{"embeddable":true,"href":"https:\/\/agoskzaleska.art\/en\/wp-json\/wp\/v2\/media\/5868"}],"wp:attachment":[{"href":"https:\/\/agoskzaleska.art\/en\/wp-json\/wp\/v2\/media?parent=179"}],"curies":[{"name":"wp","href":"https:\/\/api.w.org\/{rel}","templated":true}]}}